{"id":646,"date":"2017-03-30T12:30:00","date_gmt":"2017-03-30T09:30:00","guid":{"rendered":"http:\/\/www.lofkullagolf.fi\/wp\/?page_id=646"},"modified":"2025-04-05T06:50:51","modified_gmt":"2025-04-05T06:50:51","slug":"minigolf-3","status":"publish","type":"page","link":"https:\/\/www.lofkullagolf.fi\/cita\/minigolf-3\/","title":{"rendered":"Minigolf"},"content":{"rendered":"<h2><span style=\"color: #091c09;\"><span style=\"color: #194519;\">Minigolfrata <\/span><strong><a href=\"http:\/\/www.lofkullagolf.fi\/cita\/wp-content\/uploads\/2018\/06\/minigolf-2.jpg\"><img loading=\"lazy\" decoding=\"async\" class=\"alignright wp-image-1417 size-medium\" src=\"http:\/\/www.lofkullagolf.fi\/cita\/wp-content\/uploads\/2018\/06\/minigolf-2-300x169.jpg\" alt=\"\" width=\"300\" height=\"169\" srcset=\"https:\/\/www.lofkullagolf.fi\/cita\/wp-content\/uploads\/2018\/06\/minigolf-2-300x169.jpg 300w, https:\/\/www.lofkullagolf.fi\/cita\/wp-content\/uploads\/2018\/06\/minigolf-2-768x432.jpg 768w, https:\/\/www.lofkullagolf.fi\/cita\/wp-content\/uploads\/2018\/06\/minigolf-2.jpg 1024w\" sizes=\"auto, (max-width: 300px) 100vw, 300px\" \/><\/a><\/strong><br \/>\n<\/span><\/h2>\n<p>L\u00f6fkullan 9-reik\u00e4inen minigolfrata tarjoaa mukavaa<span class=\"st\"> tekemist\u00e4 kaikenik\u00e4isille. Tule kokeilemaan minigolfia yhdess\u00e4 perheen tai yst\u00e4vien kanssa.<br \/>\n<\/span><\/p>\n<p>Minigolfrata tarjoaa vaihtelua ja haastetta perinteisiin minigolfratoihin verrattuna. Radalla pelaaminen tapahtuu huipputasoisella keinonurmimatolla, jonka ominaisuudet vastaavat oikean viheri\u00f6n nopeuksia.<\/p>\n<p>Minigolfrata on avoinna kaikille ja radalle ei tarvitse varata peliaikaa etuk\u00e4teen Mailat ja pallot lainataan kahvilasta tai caddiemasterilta. Pelaamisen j\u00e4lkeen voit nauttia Cafe L\u00f6fkulla\u00a0 tarjonnasa ja terassin upeasta n\u00e4kym\u00e4st\u00e4 yli golfkent\u00e4n.<\/p>\n<p><strong><em>Tervetuloa minigolfaamaan!<\/em><\/strong><\/p>\n<h2><\/h2>\n","protected":false},"excerpt":{"rendered":"<p>Minigolfrata L\u00f6fkullan 9-reik\u00e4inen minigolfrata tarjoaa mukavaa tekemist\u00e4 kaikenik\u00e4isille. Tule kokeilemaan minigolfia yhdess\u00e4 perheen tai yst\u00e4vien kanssa. Minigolfrata tarjoaa vaihtelua ja haastetta perinteisiin minigolfratoihin verrattuna. Radalla pelaaminen tapahtuu huipputasoisella keinonurmimatolla, jonka ominaisuudet vastaavat oikean viheri\u00f6n nopeuksia. Minigolfrata on avoinna kaikille ja radalle ei tarvitse varata peliaikaa etuk\u00e4teen Mailat ja pallot lainataan kahvilasta tai caddiemasterilta. Pelaamisen j\u00e4lkeen [&hellip;]<\/p>\n","protected":false},"author":1,"featured_media":0,"parent":0,"menu_order":3,"comment_status":"closed","ping_status":"closed","template":"","meta":{"_citadela_hide_page_title":"","_citadela_remove_header_space":"","_citadela_custom_class":"","_citadela_half_map_provider":"","_citadela_half_map_theme":"","_citadela_half_map_themeOSM":"","_citadela_half_map_customTheme":"","_citadela_half_map_dataType":"","_citadela_half_map_dynamicTrack":false,"_citadela_half_map_trackColor":"","_citadela_half_map_trackEndpointsColor":"","_citadela_half_map_filterCategory":"","_citadela_half_map_filterLocation":"","_citadela_half_map_filterFeatured":false,"_citadela_half_map_noDataBehavior":"empty-map","_citadela_half_map_noDataText":"","_citadela_half_map_clusterGridSize":80,"_citadela_header":false,"_citadela_header_over_content":false,"_citadela_header_text_color":"","_citadela_header_logo":[],"_citadela_header_bg_image":[],"_citadela_header_bg_position":[],"_citadela_header_bg_size":"","_citadela_header_bg_repeat":"","_citadela_header_bg_fixed":false,"_citadela_header_bg_color":"","_citadela_header_bg_image_overlay":"","_citadela_header_transparent_bg":false,"_citadela_content_width":"","_citadela_half_layout_position":"","footnotes":""},"class_list":["post-646","page","type-page","status-publish","hentry"],"_links":{"self":[{"href":"https:\/\/www.lofkullagolf.fi\/cita\/wp-json\/wp\/v2\/pages\/646","targetHints":{"allow":["GET"]}}],"collection":[{"href":"https:\/\/www.lofkullagolf.fi\/cita\/wp-json\/wp\/v2\/pages"}],"about":[{"href":"https:\/\/www.lofkullagolf.fi\/cita\/wp-json\/wp\/v2\/types\/page"}],"author":[{"embeddable":true,"href":"https:\/\/www.lofkullagolf.fi\/cita\/wp-json\/wp\/v2\/users\/1"}],"replies":[{"embeddable":true,"href":"https:\/\/www.lofkullagolf.fi\/cita\/wp-json\/wp\/v2\/comments?post=646"}],"version-history":[{"count":7,"href":"https:\/\/www.lofkullagolf.fi\/cita\/wp-json\/wp\/v2\/pages\/646\/revisions"}],"predecessor-version":[{"id":7232,"href":"https:\/\/www.lofkullagolf.fi\/cita\/wp-json\/wp\/v2\/pages\/646\/revisions\/7232"}],"wp:attachment":[{"href":"https:\/\/www.lofkullagolf.fi\/cita\/wp-json\/wp\/v2\/media?parent=646"}],"curies":[{"name":"wp","href":"https:\/\/api.w.org\/{rel}","templated":true}]}}