{"id":6,"date":"2016-12-15T23:03:46","date_gmt":"2016-12-15T21:03:46","guid":{"rendered":"http:\/\/www.lofkullagolf.fi\/wp\/?page_id=6"},"modified":"2026-04-09T08:13:00","modified_gmt":"2026-04-09T08:13:00","slug":"toimintatavat-saannot","status":"publish","type":"page","link":"https:\/\/www.lofkullagolf.fi\/cita\/pelaaminen\/toimintatavat-saannot\/","title":{"rendered":"L\u00f6fkullan pelis\u00e4\u00e4nn\u00f6t"},"content":{"rendered":"\n<div class=\"wp-block-group is-vertical is-layout-flex wp-container-core-group-is-layout-8cf370e7 wp-block-group-is-layout-flex\"><\/div>\n\n\n<p>Toisten pelaajien huomioon ottaminen ja turvallisuus ovat keskeisi\u00e4 periaatteita golfkent\u00e4ll\u00e4. Jotta pelaaminen on nautinnollista ja kaikille turvallista on jokaisen pelaajan noudatettava kent\u00e4n pelis\u00e4\u00e4nt\u00f6j\u00e4 ja golf-etiketti\u00e4.<\/p>\n<h3><span style=\"color: #003300;\">L\u00e4ht\u00f6ajat<br \/><\/span><\/h3>\n<p><strong>Pelaamme vain kent\u00e4n aukioloaikoina, viimeinen l\u00e4ht\u00f6 l\u00f6ytyy aukioloajoista.<\/strong><\/p>\n<p><strong>L\u00e4ht\u00f6aikaa ei voi varata etuk\u00e4teen.<\/strong> L\u00e4ht\u00f6j\u00e4rjestys m\u00e4\u00e4r\u00e4ytyy pallor\u00e4nnin mukaan eli jonotusperiaatteella paikan p\u00e4\u00e4lt\u00e4. Pallor\u00e4nni l\u00f6ytyy l\u00e4ht\u00f6paikalta 1. tiilt\u00e4.<\/p>\n<p>Ruuhkaisinta kent\u00e4ll\u00e4 on viikonloppuisin ja arkisin ty\u00f6p\u00e4iv\u00e4n j\u00e4lkeen ja rauhallisinta on pelata aamup\u00e4ivisin.<\/p>\n<h3>Pelimaksu ja ilmoittautuminen<\/h3>\n<p><strong>Ennen kent\u00e4lle menoa green fee maksu tulee olla suoritettuna.\u00a0<\/strong><\/p>\n<p>Aikuisten pelimaksun voi maksaa caddiemasterille tai MobilePay sovelluksella, jolloin caddiemasterille ei tarvitse ilmoittautua. Maksuohjeet l\u00f6ytyv\u00e4t kent\u00e4lt\u00e4 1 tiilt\u00e4.<\/p>\n<p>Pelimaksu maksetaan juuri ennen kierokselle menoa, jotta ruuhka-aikana varmistetaan, ett\u00e4 kaikki p\u00e4\u00e4sev\u00e4t pelaamaan ennen viimeist\u00e4 l\u00e4ht\u00f6\u00e4. Maksettua pelimaksua ei palauteta.<\/p>\n<p><strong>Juniori, opiskelija ja el\u00e4kel\u00e4inen ilmoittautuvat AINA caddiemasterille ennen l\u00e4ht\u00f6\u00e4 ja esitt\u00e4v\u00e4t alennukseen oikeuttavan todistuksen.<\/strong>\u00a0<strong><br \/><\/strong><\/p>\n<h3><span style=\"color: #003300;\">Pelaaminen ja pelivarusteet<\/span><\/h3>\n<ul>\n<li><strong>Pelaamme vain kent\u00e4n aukioloaikoina.<\/strong> Viimeinen l\u00e4ht\u00f6 aukioloajoista.<strong><br \/><\/strong><\/li>\n<li><strong>Peliryhm\u00e4n maksimi on 4 pelaajaa per ryhm\u00e4. <\/strong><span class=\"T286Pc\" data-sfc-cp=\"\" data-sfc-root=\"c\" data-sfc-cb=\"\" data-complete=\"true\" aria-owns=\"action-menu-parent-container\">Ruuhka-aikana caddiemasterilla on oikeus yhdistell\u00e4 varauksia niin, ett\u00e4 kent\u00e4lle l\u00e4hdet\u00e4\u00e4n 4 hengen ryhmiss\u00e4.<\/span><\/li>\n<li>Caddiet eiv\u00e4t ole sallittuja.<\/li>\n<li>Turvallisuuden varmistamiseksi suosittelemme, ett\u00e4 yhdell\u00e4 ryhm\u00e4ss\u00e4 on Green Card<\/li>\n<\/ul>\n<h3><strong>JOKAISELLA PELAAJALLA TULEE OLLA:<br \/><\/strong><\/h3>\n<ul>\n<li><strong>golfb\u00e4gi<\/strong><\/li>\n<li><strong>golfmailat <\/strong>(omat tai vuokratut, v\u00e4h. 3 kpl mailoja + putteri)<\/li>\n<li><strong>griinihaarukka<\/strong><\/li>\n<li><strong>pelipallot<\/strong> <span style=\"color: #000000;\">(rangepallojen k\u00e4ytt\u00f6 ehdottamasti kielletty)<\/span><strong><br \/><\/strong><\/li>\n<li><strong>puutiit\u00e4 avausly\u00f6nteihin, 9 kpl<\/strong><\/li>\n<\/ul>\n<p>Vuokrapeliv\u00e4lineill\u00e4 pelaavien tulee hankkia my\u00f6s pelipalloja ja griinihaarukan sek\u00e4 puutiit\u00e4, joita voi ostaa caddiemasterilt\u00e4.<\/p>\n<p>Peliv\u00e4lineit\u00e4 vuokrattaessa on todistettava henkil\u00f6llisyytens\u00e4.<strong> Vuokratut pelivarusteet tulee palauttaa ennen caddiemasterin toimiston sulkemista.<br \/><\/strong><\/p>\n<h3><span style=\"color: #003300;\">Pelis\u00e4\u00e4nn\u00f6t lyhyesti<br \/><\/span><\/h3>\n<p><strong>Aloitusly\u00f6nti<\/strong><\/p>\n<ul>\n<li><strong> K\u00e4yt\u00e4 avauksissa AINA puutiit\u00e4<\/strong><\/li>\n<li>J\u00e4t\u00e4 b\u00e4gi \/ k\u00e4rryt\u00a0 viheri\u00f6iden ja tiiauspaikan ulkopuolle.<\/li>\n<li>Pallo on pelattava tiimerkkien sis\u00e4puolelta. Sallittu tiiausalue jatkuu kaksi mailanmittaa tiimerkkien etureunasta taaksep\u00e4in.<\/li>\n<li><strong>Rangepallojen k\u00e4ytt\u00f6 radalla on ehdottomasti kielletty.<\/strong><\/li>\n<li>Harjoitusly\u00f6nnit tehd\u00e4\u00e4n ly\u00f6ntipaikan ulkopuolella.<\/li>\n<\/ul>\n<p><strong>Viheri\u00f6ll\u00e4 ja v\u00e4yl\u00e4ll\u00e4<\/strong><\/p>\n<ul>\n<li><strong>Korjaa pallon alastuloj\u00e4ljet viheri\u00f6ll\u00e4.<\/strong> Viheri\u00f6lle ei saa menn\u00e4 b\u00e4gi k\u00e4rryill\u00e4.<\/li>\n<li>V\u00e4yl\u00e4ll\u00e4 irtily\u00f6ty nurmi laitetaan takaisin paikalleen.<\/li>\n<li>Tasoita j\u00e4lkesi hiekkaesteess\u00e4 ja j\u00e4t\u00e4 harava bunkkeriin<\/li>\n<li><strong>Pallojen ker\u00e4\u00e4minen asuntojen pihoilta ja pelaaminen ulkorajalta on kielletty, raja merkitty valkoisilla paaluilla.<\/strong><\/li>\n<\/ul>\n<h3><span style=\"color: #003300;\"><strong>Pelinopeus ja kierrosaika<\/strong><\/span><\/h3>\n<p><strong>Peliaika ryhm\u00e4lle on 9 minuuttia v\u00e4yl\u00e4. Maximi ly\u00f6ntim\u00e4\u00e4r\u00e4 9 ly\u00f6nti\u00e4 \/ pelajaa \/ v\u00e4yl\u00e4.<\/strong><\/p>\n<p>Mik\u00e4li on ruuhkaa ja et ole onnistunut samaan palloa reik\u00e4\u00e4n 9 ly\u00f6nnin j\u00e4lkeen, otathan pallon taskuun ja siirryt seuraavalle v\u00e4yl\u00e4lle.<\/p>\n<p><strong> Kadonnutta palloa saa etsi\u00e4 korkeitaan 3 minuuttia. <\/strong>Pelaa varapallo, jos pallosi on vaarassa kadota muualle kuin vesiesteeseen tai kent\u00e4n rajojen ulkopuolelle.<\/p>\n<p>Jos ryhm\u00e4n peli kaikesta yrityksest\u00e4 huolimatta on hidasta tai takaa tulee selv\u00e4sti nopeampi ryhm\u00e4, niin p\u00e4\u00e4stet\u00e4\u00e4n ryhm\u00e4 ohi, jos kent\u00e4n pelitilanne mahdollistaa ohituksen.<\/p>\n<h3><span style=\"color: #003300;\">Turvallisuus<\/span><\/h3>\n<p><strong>Turvallisuuden varmistamiseksi suosittelemme, ett\u00e4 yhdell\u00e4 pelaajalla ryhm\u00e4ss\u00e4 on green card.<\/strong><\/p>\n<p>Turvallisuuden kannalta on t\u00e4rkeint\u00e4, ett\u00e4 peli aloitetaan vasta kun edell\u00e4 kulkeva ryhm\u00e4 on riitt\u00e4v\u00e4n et\u00e4\u00e4ll\u00e4.<\/p>\n<p><strong>FORE-huuto<\/strong><\/p>\n<p>Jos pallo lipsahtaa reilusti sivusuuntaan, toisen v\u00e4yl\u00e4n puolelle tai muiden pelaajien suuntaan tai jos et tied\u00e4 mihin pallo l\u00e4hti, on koko peliryhm\u00e4n yhteinen ja kaikuva <strong>FORE-huuto<\/strong> tarpeen.<\/p>\n<p><strong>Kadonnut pallo<\/strong><\/p>\n<p>Mik\u00e4li etsit palloasi mets\u00e4st\u00e4, j\u00e4t\u00e4 b\u00e4gisi n\u00e4kyville niin, ett\u00e4 takaa tulevat n\u00e4kev\u00e4t sen ja huomioivat sinut.<\/p>\n<p><strong>Lasten turvallisuus<\/strong><\/p>\n<p>Lasten\u00a0 turvallisuuden varmistamiseksi ei lastenvaunuilla \/ rattailla kent\u00e4lle<\/p>\n<p><strong>Lapsi pelaajien turvallisuuden varmistamiseksi on 9-reik\u00e4isell\u00e4 radalla alaik\u00e4raja 7-vuotta.<\/strong>\u00a0Lapset pelaavat vanhempien vastuulla.<\/p>\n<p><strong>Kent\u00e4nhenkil\u00f6kunta<\/strong><\/p>\n<p><strong>Kentt\u00e4henkil\u00f6kunnalla on aina ja joka tilanteessa etuoikeus liikkua kent\u00e4ll\u00e4.<\/strong> Pelia voi jatkaa vasta, kun kent\u00e4nhoitaja on antanut siihen luvan.<\/p>\n<p>Jos kent\u00e4nhoitaja on pelaajan ly\u00f6ntilinjalla, tulee pelaajan poikkeuksetta odottaa, kunnes kent\u00e4nhoitaja antaa ly\u00f6ntiluvan. Ly\u00f6ntilupa annetaan pelaajalle k\u00e4simerkill\u00e4.<\/p>\n<p><strong>Alkoholia<\/strong> saa nauttia ainoastaan kahvilan anniskelualueella.<\/p>\n<p><strong>Ei koiria<\/strong> 9-reik\u00e4selle radalle tai rangelle<\/p>\n<h3><span style=\"color: #003300;\">Valvont<\/span><span style=\"color: #003300;\">a<\/span><\/h3>\n<p><strong>L\u00f6fkulla Golf kent\u00e4n alueella on nauhoittava kameravalvonta.<\/strong><\/p>\n<p>Kentt\u00e4mme valvonnasta vastaa kent\u00e4n henkil\u00f6kunta, joilla on oikeus puuttua pelaamiseen ja tarvittaessa v\u00e4\u00e4rink\u00e4yt\u00f6sten perusteella poistaa pelaaja kent\u00e4lt\u00e4, eik\u00e4 pelimaksuja palauteta.<\/p>\n<p><strong>Luvaton pelaaminen<\/strong><\/p>\n<p><strong>Pelaaminen ilman pelimaksua on kielletty<\/strong>. Henkil\u00f6kunta tekee tarkastuksia kent\u00e4ll\u00e4 ja pelaajalla tulee olla tosite maksetusta pelimaksusta; kassakuitti, mobiilimaksut MobilePay- tai EdenredPay maksusta kuitti.<\/p>\n<p>Luvattomasta pelaamisesta perimme valvontamaksun 50 \u20ac + Green Fee \/ pelaaja.\u00a0 Rangepallojen luvattomasta ker\u00e4\u00e4misest\u00e4 perimme valvontamaksun\u00a0 20 \u20ac + pallokori 4 \u20ac. Ilmoitamme poliisille kaikista v\u00e4\u00e4rink\u00e4yt\u00f6ksist\u00e4.<\/p>\n<p>Suoritamme kent\u00e4ll\u00e4 valvontaa my\u00f6s aukiolojen ulkopuolella.<\/p>\n<h3><span style=\"color: #003300;\">Pelaaminen ukkosen l\u00e4hestyess\u00e4<\/span><\/h3>\n<p>Pelaaminen ukkosella on vaarallista, jos jo sataa, jyrisee ja salamoi (vaikka kauempanakin), lopeta pelaaminen heti ja poistu kent\u00e4lt\u00e4. G<span lang=\"fi\">olfmailan, k\u00e4rryn ja sateenvarjon k\u00e4ytt\u00f6\u00e4 tulee ehdottomasti v\u00e4ltt\u00e4\u00e4. <\/span><span lang=\"fi\">P<\/span><span lang=\"fi\">uiden alta ei saa hakea suojaa. <\/span><\/p>\n<p>Ota itse vastuu omasta turvallisuudestasi; golfkent\u00e4n henkil\u00f6kunta pyrkii informoimaan ukkoskuuroista, mutta aina ei ole henkil\u00f6kuntakaan tietoinen nopeasti etenev\u00e4st\u00e4 ukkosesta. T\u00e4ll\u00f6in pelaajan t\u00e4ytyy itse ymm\u00e4rt\u00e4\u00e4 keskeytt\u00e4\u00e4 peli ukkosen uhatessa.<\/p>\n<h3>Pelaaminen kuuralla tai pakkasella<\/h3>\n<p>\u00d6itten kylmetess\u00e4 alku kev\u00e4\u00e4ll\u00e4 ja syksyn edetess\u00e4, kentt\u00e4 saattaa olla j\u00e4\u00e4ss\u00e4 tai kuurassa, pelaaminen on kielletty, kunnes aurinko l\u00e4mmitt\u00e4\u00e4 kent\u00e4n pelikuntoon.<\/p>\n<p><strong>J\u00e4isell\u00e4 ja kuuraisella viheri\u00f6ll\u00e4 on pelaaminen ja liikkuminen ehdottomasti kielletty<\/strong>, sill\u00e4 liikkuminen j\u00e4\u00e4tyneell\u00e4 ruoholla murskaa ruohon solukon, jolloin ruoho kuolee. Caddiemaster antaa luvan pelaamiselle kun, viheri\u00f6t ovat sulaneet.<\/p>\n<h3>Vakuutus<\/h3>\n<p><strong>Suomen Golfliitto on hankkinut Pohjolan Sporttiturva tapaturma- ja vastuuvakuutuksen jokaiselle golfseuraan kuuluvalle lajin harrastajalle.<\/strong><\/p>\n<p>Lis\u00e4ksi vakuutettuina ovat henkil\u00f6t, jotka harrastusmieless\u00e4 kokeilevat lajia osallistumalla Golfliiton j\u00e4senseurojen organisoimaan koulutuksen tai tapahtumaan esim. Green Gard koulutukseen kent\u00e4ll\u00e4 tai harjoitusalueella.<\/p>\n<p>Green Card kurssin j\u00e4lkeen vakuutusturva on voimassa 14 vrk. Kaikki muut pelaajat ilman Golfliiton seuraj\u00e4senyytt\u00e4 pelavaat omalla vastuulla.<\/p>\n<p><strong> Lis\u00e4tietoa vakuutuksesta<\/strong>\u00a0 <a href=\"http:\/\/www.lofkullagolf.fi\/pelaaminen\/vakuutus\/\">t\u00e4st\u00e4 linkist\u00e4!<\/a><\/p>\n<p><strong><span style=\"color: #003300;\"><em>Noudata kent\u00e4ll\u00e4 olevia ohjeita, muista turvallisuus ja nauti pelist\u00e4.<\/em><\/span><\/strong><\/p>","protected":false},"excerpt":{"rendered":"<p>Toisten pelaajien huomioon ottaminen ja turvallisuus ovat keskeisi\u00e4 periaatteita golfkent\u00e4ll\u00e4. Jotta pelaaminen on nautinnollista ja kaikille turvallista on jokaisen pelaajan noudatettava kent\u00e4n pelis\u00e4\u00e4nt\u00f6j\u00e4 ja golf-etiketti\u00e4. L\u00e4ht\u00f6ajat Pelaamme vain kent\u00e4n aukioloaikoina, viimeinen l\u00e4ht\u00f6 l\u00f6ytyy aukioloajoista. L\u00e4ht\u00f6aikaa ei voi varata etuk\u00e4teen. L\u00e4ht\u00f6j\u00e4rjestys m\u00e4\u00e4r\u00e4ytyy pallor\u00e4nnin mukaan eli jonotusperiaatteella paikan p\u00e4\u00e4lt\u00e4. Pallor\u00e4nni l\u00f6ytyy l\u00e4ht\u00f6paikalta 1. tiilt\u00e4. Ruuhkaisinta kent\u00e4ll\u00e4 on [&hellip;]<\/p>\n","protected":false},"author":1,"featured_media":0,"parent":95,"menu_order":1,"comment_status":"closed","ping_status":"closed","template":"","meta":{"_citadela_hide_page_title":"","_citadela_remove_header_space":"","_citadela_custom_class":"","_citadela_half_map_provider":"","_citadela_half_map_theme":"","_citadela_half_map_themeOSM":"","_citadela_half_map_customTheme":"","_citadela_half_map_dataType":"","_citadela_half_map_dynamicTrack":false,"_citadela_half_map_trackColor":"","_citadela_half_map_trackEndpointsColor":"","_citadela_half_map_filterCategory":"","_citadela_half_map_filterLocation":"","_citadela_half_map_filterFeatured":false,"_citadela_half_map_noDataBehavior":"empty-map","_citadela_half_map_noDataText":"","_citadela_half_map_clusterGridSize":80,"_citadela_header":false,"_citadela_header_over_content":false,"_citadela_header_text_color":"","_citadela_header_logo":[],"_citadela_header_bg_image":[],"_citadela_header_bg_position":[],"_citadela_header_bg_size":"","_citadela_header_bg_repeat":"","_citadela_header_bg_fixed":false,"_citadela_header_bg_color":"","_citadela_header_bg_image_overlay":"","_citadela_header_transparent_bg":false,"_citadela_content_width":"","_citadela_half_layout_position":"","footnotes":""},"class_list":["post-6","page","type-page","status-publish","hentry"],"_links":{"self":[{"href":"https:\/\/www.lofkullagolf.fi\/cita\/wp-json\/wp\/v2\/pages\/6","targetHints":{"allow":["GET"]}}],"collection":[{"href":"https:\/\/www.lofkullagolf.fi\/cita\/wp-json\/wp\/v2\/pages"}],"about":[{"href":"https:\/\/www.lofkullagolf.fi\/cita\/wp-json\/wp\/v2\/types\/page"}],"author":[{"embeddable":true,"href":"https:\/\/www.lofkullagolf.fi\/cita\/wp-json\/wp\/v2\/users\/1"}],"replies":[{"embeddable":true,"href":"https:\/\/www.lofkullagolf.fi\/cita\/wp-json\/wp\/v2\/comments?post=6"}],"version-history":[{"count":52,"href":"https:\/\/www.lofkullagolf.fi\/cita\/wp-json\/wp\/v2\/pages\/6\/revisions"}],"predecessor-version":[{"id":7903,"href":"https:\/\/www.lofkullagolf.fi\/cita\/wp-json\/wp\/v2\/pages\/6\/revisions\/7903"}],"up":[{"embeddable":true,"href":"https:\/\/www.lofkullagolf.fi\/cita\/wp-json\/wp\/v2\/pages\/95"}],"wp:attachment":[{"href":"https:\/\/www.lofkullagolf.fi\/cita\/wp-json\/wp\/v2\/media?parent=6"}],"curies":[{"name":"wp","href":"https:\/\/api.w.org\/{rel}","templated":true}]}}