{"id":3942,"date":"2021-03-31T10:52:52","date_gmt":"2021-03-31T07:52:52","guid":{"rendered":"http:\/\/www.lofkullagolf.fi\/?page_id=3942"},"modified":"2025-04-05T06:49:03","modified_gmt":"2025-04-05T06:49:03","slug":"vakuutus","status":"publish","type":"page","link":"https:\/\/www.lofkullagolf.fi\/cita\/pelaaminen\/vakuutus\/","title":{"rendered":"Vakuutus"},"content":{"rendered":"<h3><span style=\"color: #003300;\">Suomen Golfliiton Sporttiturva-vakuutus<\/span><\/h3>\n<p>Suomen Golfliitto on hankkinut Pohjolan Sporttiturva tapaturma- ja vastuuvakuutuksen jokaiselle golfseuraan kuuluvalle lajin harrastajalle. Lis\u00e4ksi vakuutettuina ovat henkil\u00f6t, jotka harrastusmieless\u00e4 kokeilevat lajia osallistumalla Golfliiton j\u00e4senseurojen organisoimaan koulutuksen tai tapahtumaan esim. Green Gard koulutukseen kent\u00e4ll\u00e4 tai harjoitusalueella. Green Card koulutuksen j\u00e4lkeen vakuutusturva on voimassa 14 vrk. Sporttiturvasta korvataan, kun loukkaannut \u00e4killisen tapahtuman seurauksena.<\/p>\n<p>Tapaturmavakuutuksen lis\u00e4ksi Golfliiton j\u00e4senvakuutus sis\u00e4lt\u00e4\u00e4 my\u00f6s vastuuvakuutuksen. Se korvaa ep\u00e4onnistuneen ly\u00f6nnin aiheuttamat vahingot, jotka kohdistuvat esineisiin ja ihmisiin.<\/p>\n<ul>\n<li>Sporttiturvavakuutus\u00a0kattaa vamman hoitokulut kaikkialla maailmassa.<\/li>\n<li>Vastuuvakuutus korvaa toiselle aiheutetun henkil\u00f6- ja esinevahingon kaikkialla maailmassa.<\/li>\n<li>Ilman golfseuraan vakuutusta pelaavat pelavaat omalla vastuulla.<\/li>\n<\/ul>\n<p>Lis\u00e4tietoja vakutusturvasta ja vanhingon sattuessa toimintaohjeet.<a href=\"https:\/\/golf.fi\/pelaajalle\/jasenedut-ja-vakuutusturva\/\">T\u00e4st\u00e4 linkist\u00e4.<\/a><\/p>\n","protected":false},"excerpt":{"rendered":"<p>Suomen Golfliiton Sporttiturva-vakuutus Suomen Golfliitto on hankkinut Pohjolan Sporttiturva tapaturma- ja vastuuvakuutuksen jokaiselle golfseuraan kuuluvalle lajin harrastajalle. Lis\u00e4ksi vakuutettuina ovat henkil\u00f6t, jotka harrastusmieless\u00e4 kokeilevat lajia osallistumalla Golfliiton j\u00e4senseurojen organisoimaan koulutuksen tai tapahtumaan esim. Green Gard koulutukseen kent\u00e4ll\u00e4 tai harjoitusalueella. Green Card koulutuksen j\u00e4lkeen vakuutusturva on voimassa 14 vrk. Sporttiturvasta korvataan, kun loukkaannut \u00e4killisen tapahtuman seurauksena. [&hellip;]<\/p>\n","protected":false},"author":1,"featured_media":0,"parent":95,"menu_order":8,"comment_status":"closed","ping_status":"closed","template":"","meta":{"_citadela_hide_page_title":"","_citadela_remove_header_space":"","_citadela_custom_class":"","_citadela_half_map_provider":"","_citadela_half_map_theme":"","_citadela_half_map_themeOSM":"","_citadela_half_map_customTheme":"","_citadela_half_map_dataType":"","_citadela_half_map_dynamicTrack":false,"_citadela_half_map_trackColor":"","_citadela_half_map_trackEndpointsColor":"","_citadela_half_map_filterCategory":"","_citadela_half_map_filterLocation":"","_citadela_half_map_filterFeatured":false,"_citadela_half_map_noDataBehavior":"empty-map","_citadela_half_map_noDataText":"","_citadela_half_map_clusterGridSize":80,"_citadela_header":false,"_citadela_header_over_content":false,"_citadela_header_text_color":"","_citadela_header_logo":[],"_citadela_header_bg_image":[],"_citadela_header_bg_position":[],"_citadela_header_bg_size":"","_citadela_header_bg_repeat":"","_citadela_header_bg_fixed":false,"_citadela_header_bg_color":"","_citadela_header_bg_image_overlay":"","_citadela_header_transparent_bg":false,"_citadela_content_width":"","_citadela_half_layout_position":"","footnotes":""},"class_list":["post-3942","page","type-page","status-publish","hentry"],"_links":{"self":[{"href":"https:\/\/www.lofkullagolf.fi\/cita\/wp-json\/wp\/v2\/pages\/3942","targetHints":{"allow":["GET"]}}],"collection":[{"href":"https:\/\/www.lofkullagolf.fi\/cita\/wp-json\/wp\/v2\/pages"}],"about":[{"href":"https:\/\/www.lofkullagolf.fi\/cita\/wp-json\/wp\/v2\/types\/page"}],"author":[{"embeddable":true,"href":"https:\/\/www.lofkullagolf.fi\/cita\/wp-json\/wp\/v2\/users\/1"}],"replies":[{"embeddable":true,"href":"https:\/\/www.lofkullagolf.fi\/cita\/wp-json\/wp\/v2\/comments?post=3942"}],"version-history":[{"count":5,"href":"https:\/\/www.lofkullagolf.fi\/cita\/wp-json\/wp\/v2\/pages\/3942\/revisions"}],"predecessor-version":[{"id":7231,"href":"https:\/\/www.lofkullagolf.fi\/cita\/wp-json\/wp\/v2\/pages\/3942\/revisions\/7231"}],"up":[{"embeddable":true,"href":"https:\/\/www.lofkullagolf.fi\/cita\/wp-json\/wp\/v2\/pages\/95"}],"wp:attachment":[{"href":"https:\/\/www.lofkullagolf.fi\/cita\/wp-json\/wp\/v2\/media?parent=3942"}],"curies":[{"name":"wp","href":"https:\/\/api.w.org\/{rel}","templated":true}]}}