{"id":2769,"date":"2020-02-05T12:56:29","date_gmt":"2020-02-05T10:56:29","guid":{"rendered":"http:\/\/www.lofkullagolf.fi\/?page_id=2769"},"modified":"2024-03-28T07:18:34","modified_gmt":"2024-03-28T07:18:34","slug":"tasoitusjarjestelma","status":"publish","type":"page","link":"https:\/\/www.lofkullagolf.fi\/cita\/kentta\/tasoitusjarjestelma\/","title":{"rendered":"Tasoituskierros"},"content":{"rendered":"<h3><span style=\"color: #003300;\">Tasoituskierros\u00a0 ja tasoitusj\u00e4rjestelm\u00e4<\/span><\/h3>\n<p>L\u00f6fkulla Golf on tasoituskelpoinen kentt\u00e4 ja tasoitustaan saa laskettua tai nostettua, kun pelaa tasoituskierroksia. Tasoituskierrosta pelattaessa tulee kierroksen t\u00e4ytt\u00e4\u00e4 tasoitusm\u00e4\u00e4r\u00e4ykset. Tasoituskierrosten tulokset pelaajaa ilmoittaa oman seuran tasoitustoimikunnan s\u00e4\u00e4nt\u00f6jen mukaisesti.<\/p>\n\n\n<div class=\"wp-block-buttons is-vertical is-layout-flex wp-container-core-buttons-is-layout-8cf370e7 wp-block-buttons-is-layout-flex\">\n<div class=\"wp-block-button has-custom-width wp-block-button__width-50\"><a class=\"wp-block-button__link wp-element-button\" href=\"https:\/\/golfpiste.com\/pistebogeylaskuri\/#step=0&amp;club=140&amp;course=6122&amp;tee=&amp;gender=&amp;hcp=0&amp;played_holes=&amp;hole_scores=\" target=\"_blank\" rel=\"noreferrer noopener\">Pisteybogeylaskuri<\/a><\/div>\n\n\n\n<div class=\"wp-block-button has-custom-width wp-block-button__width-50\"><a class=\"wp-block-button__link wp-element-button\" href=\"http:\/\/www.lofkullagolf.fi\/cita\/wp-content\/uploads\/2024\/02\/LoG_mn_16_23.pdf\" target=\"_blank\" rel=\"noreferrer noopener\">Slope-taulukko<\/a><\/div>\n\n\n\n<div class=\"wp-block-button has-custom-width wp-block-button__width-50\"><a class=\"wp-block-button__link wp-element-button\" href=\"http:\/\/www.lofkullagolf.fi\/cita\/kentta\/paikallissaannot\/\" target=\"_blank\" rel=\"noreferrer noopener\">Paikalliss\u00e4\u00e4nn\u00f6t<\/a><\/div>\n\n\n\n<div class=\"wp-block-button has-custom-width wp-block-button__width-50\"><a class=\"wp-block-button__link wp-element-button\" href=\"http:\/\/www.lofkullagolf.fi\/cita\/wp-content\/uploads\/2024\/02\/Lofkulla-tuloskortti-2023-FINAL-%E2%80%93-ilman-reunamerkkeja68388.pdf\" target=\"_blank\" rel=\"noreferrer noopener\">Tuloskortti<\/a><\/div>\n<\/div>\n\n\n<p><strong><span style=\"color: #003300;\">\u00a0<\/span><\/strong><\/p>\n<h3>Tasoitusj\u00e4rjestelm\u00e4 WHS<\/h3>\n<p>World Handicap System (WHS) on maailmanlaajuinen tasoitusj\u00e4rjestelm\u00e4, jota k\u00e4ytet\u00e4\u00e4n maailmassa.<\/p>\n<p>Tasoituksesi on kahdeksan parhaan tuloksesi keskiarvo 20:st\u00e4 viimeisest\u00e4 rekister\u00f6idyst\u00e4 tasoituskierroksestasi. N\u00e4et tarkan tasoituksesi ja tasoitushistoriasi eBirdie-sovelluksesta. Lataa eBirdie AppStoresta tai Google Playsta.<\/p>\n<p>Suurin mahdollinen tasoituksesi on 54. Kaikki golfarit voivat rekister\u00f6id\u00e4 tasoituskierroksia harjoituskierroksista, jotka voivat olla lyhimmill\u00e4\u00e4n 9 reik\u00e4\u00e4.<\/p>\n<p>Tasoituslaskentaa ei en\u00e4\u00e4 suoriteta pistebogeyna vaan tulokset perustuvat ly\u00f6ntim\u00e4\u00e4riin. Ly\u00f6ntim\u00e4\u00e4riin sovelletaan kuitenkin samoja periaatteita kuin pistebogey-laskentaan. Kilpailuissa voi my\u00f6s edelleen olla pistebogey-sarjoja.<\/p>\n<p>Ei rekister\u00f6itymist\u00e4 etuk\u00e4teen. Sinun ei tarvitse rekister\u00f6id\u00e4 tasoituskierrosta etuk\u00e4teen. Riitt\u00e4\u00e4, ett\u00e4 kerrot merkitsij\u00e4lle ja pelaat s\u00e4\u00e4nt\u00f6jen mukaan.<\/p>\n<p>Hyv\u00e4ksytyt pelimuodot. Jotta kierroksesi hyv\u00e4ksyt\u00e4\u00e4n tasoituskierroksena, pelimuodon tulee olla ly\u00f6ntipeli, pistebogey, maksimitulos tai Par \/ Bogey.<\/p>\n<p>Seuroissa tasoituskierroksen tuloskortin voi palauttaa usealla eri s\u00e4hk\u00f6isell\u00e4 tavalla:<\/p>\n<ul>\n<li>\u00a0 <a href=\"https:\/\/golf.fi\/pelaajalle\/ebirdie\/\">Golfliiton eBirdie-mobiilisovelluksessa<\/a><\/li>\n<li>\u00a0 <a href=\"https:\/\/golfgamebook.com\/fi\/tasoituskierros\/\">Golf Gamebook-mobiilisovelluksessa<\/a><\/li>\n<li>\u00a0 <a href=\"https:\/\/pirg.nexgolf.fi\/pirg\/member\/index.html#\/\">NexGolf-ohjelmassa nettiselaimen kautta kirjautuen<\/a><\/li>\n<li>\u00a0NexGolfin mobiilisovelluksessa<\/li>\n<\/ul>\n<p>Lis\u00e4tietoa j\u00e4rjestelm\u00e4st\u00e4 Suomen Golfliiton sivuilta <a href=\"https:\/\/golf.fi\/pelaajalle\/tasoitusjarjestelma\/whs-world-handicap-system-2020\/#perusasiat\">Tasoitusj\u00e4rjestelm\u00e4<\/a><\/p>\n<p>L\u00e4hde: Suomen Golfliitto<\/p>","protected":false},"excerpt":{"rendered":"<p>Tasoituskierros\u00a0 ja tasoitusj\u00e4rjestelm\u00e4 L\u00f6fkulla Golf on tasoituskelpoinen kentt\u00e4 ja tasoitustaan saa laskettua tai nostettua, kun pelaa tasoituskierroksia. Tasoituskierrosta pelattaessa tulee kierroksen t\u00e4ytt\u00e4\u00e4 tasoitusm\u00e4\u00e4r\u00e4ykset. Tasoituskierrosten tulokset pelaajaa ilmoittaa oman seuran tasoitustoimikunnan s\u00e4\u00e4nt\u00f6jen mukaisesti. \u00a0 Tasoitusj\u00e4rjestelm\u00e4 WHS World Handicap System (WHS) on maailmanlaajuinen tasoitusj\u00e4rjestelm\u00e4, jota k\u00e4ytet\u00e4\u00e4n maailmassa. Tasoituksesi on kahdeksan parhaan tuloksesi keskiarvo 20:st\u00e4 viimeisest\u00e4 rekister\u00f6idyst\u00e4 tasoituskierroksestasi. [&hellip;]<\/p>\n","protected":false},"author":1,"featured_media":0,"parent":97,"menu_order":6,"comment_status":"closed","ping_status":"closed","template":"","meta":{"_citadela_hide_page_title":"","_citadela_remove_header_space":"","_citadela_custom_class":"","_citadela_half_map_provider":"","_citadela_half_map_theme":"","_citadela_half_map_themeOSM":"","_citadela_half_map_customTheme":"","_citadela_half_map_dataType":"","_citadela_half_map_dynamicTrack":false,"_citadela_half_map_trackColor":"","_citadela_half_map_trackEndpointsColor":"","_citadela_half_map_filterCategory":"","_citadela_half_map_filterLocation":"","_citadela_half_map_filterFeatured":false,"_citadela_half_map_noDataBehavior":"empty-map","_citadela_half_map_noDataText":"","_citadela_half_map_clusterGridSize":80,"_citadela_header":false,"_citadela_header_over_content":false,"_citadela_header_text_color":"","_citadela_header_logo":[],"_citadela_header_bg_image":[],"_citadela_header_bg_position":[],"_citadela_header_bg_size":"","_citadela_header_bg_repeat":"","_citadela_header_bg_fixed":false,"_citadela_header_bg_color":"","_citadela_header_bg_image_overlay":"","_citadela_header_transparent_bg":false,"_citadela_content_width":"","_citadela_half_layout_position":"","footnotes":""},"class_list":["post-2769","page","type-page","status-publish","hentry"],"_links":{"self":[{"href":"https:\/\/www.lofkullagolf.fi\/cita\/wp-json\/wp\/v2\/pages\/2769","targetHints":{"allow":["GET"]}}],"collection":[{"href":"https:\/\/www.lofkullagolf.fi\/cita\/wp-json\/wp\/v2\/pages"}],"about":[{"href":"https:\/\/www.lofkullagolf.fi\/cita\/wp-json\/wp\/v2\/types\/page"}],"author":[{"embeddable":true,"href":"https:\/\/www.lofkullagolf.fi\/cita\/wp-json\/wp\/v2\/users\/1"}],"replies":[{"embeddable":true,"href":"https:\/\/www.lofkullagolf.fi\/cita\/wp-json\/wp\/v2\/comments?post=2769"}],"version-history":[{"count":12,"href":"https:\/\/www.lofkullagolf.fi\/cita\/wp-json\/wp\/v2\/pages\/2769\/revisions"}],"predecessor-version":[{"id":6292,"href":"https:\/\/www.lofkullagolf.fi\/cita\/wp-json\/wp\/v2\/pages\/2769\/revisions\/6292"}],"up":[{"embeddable":true,"href":"https:\/\/www.lofkullagolf.fi\/cita\/wp-json\/wp\/v2\/pages\/97"}],"wp:attachment":[{"href":"https:\/\/www.lofkullagolf.fi\/cita\/wp-json\/wp\/v2\/media?parent=2769"}],"curies":[{"name":"wp","href":"https:\/\/api.w.org\/{rel}","templated":true}]}}