{"id":20,"date":"2016-12-15T23:55:42","date_gmt":"2016-12-15T21:55:42","guid":{"rendered":"http:\/\/www.lofkullagolf.fi\/wp\/?page_id=20"},"modified":"2026-04-17T16:38:25","modified_gmt":"2026-04-17T16:38:25","slug":"tervetuloa-lofkulla-golfiin","status":"publish","type":"page","link":"https:\/\/www.lofkullagolf.fi\/cita\/","title":{"rendered":"L\u00f6fkulla Golf kaikille avoin golfkentt\u00e4"},"content":{"rendered":"<p>L\u00f6fkulla Golf on monipuolinen golfkeskus Espoon Ikean vieress\u00e4, joka tarjoaa hyv\u00e4t puitteet lajin harrastamiseen. Golfkent\u00e4n 9-reik\u00e4inen rata, range, harjoitusviheri\u00f6t ja minigolfrata tarjoavat hauskaa ajanvietett\u00e4 kaikenik\u00e4isille ja tasoisille pelaajille.<\/p>\n<p>Golfkent\u00e4ll\u00e4 voi pelata ilman green cardia tai golfseuran j\u00e4senyytt\u00e4. Pelaamaan p\u00e4\u00e4see kertamaksua vastaan ja peliv\u00e4lineit\u00e4 saa vuokrata caddiemasterilt\u00e4.<\/p>\n<p>L\u00f6fkulla tarjoaa laadukkaat opetus- ja valmennuspalvelut kaiken tasoisille ja ik\u00e4isille pelaajille niin aloitteleville, kuin lajia pidemp\u00e4\u00e4 harrastaneille. Espoon aurinkoisin kes\u00e4kahvila Cafe L\u00f6fkulla on avoinna joka p\u00e4iv\u00e4. Tervetuloa!<\/p>\n<p><img loading=\"lazy\" decoding=\"async\" class=\"alignnone size-full wp-image-6223 aligncenter\" src=\"http:\/\/www.lofkullagolf.fi\/cita\/wp-content\/uploads\/2024\/03\/Lofkulla-logo-\u2013-10-x-\u2013-kopio.png\" alt=\"\" width=\"118\" height=\"99\" \/><\/p>\n\n\n<div class=\"wp-block-buttons is-layout-flex wp-block-buttons-is-layout-flex\">\n<div class=\"wp-block-button has-custom-width wp-block-button__width-100\"><a class=\"wp-block-button__link wp-element-button\" href=\"http:\/\/www.lofkullagolf.fi\/cita\/lofkulla-golf\/\">In English &gt;&gt;<\/a><\/div>\n\n\n\n<div class=\"wp-block-button has-custom-width wp-block-button__width-100\"><a class=\"wp-block-button__link wp-element-button\" href=\"http:\/\/www.lofkullagolf.fi\/cita\/valkommen-till-var-vackra-9-halsbana\/\" rel=\"http:\/\/www.lofkullagolf.fi\/cita\/valkommen-till-var-vackra-9-halsbana\/\">P\u00e5 svenska &gt;&gt;<\/a><\/div>\n<\/div>\n\n\n\n<div class=\"wp-block-citadela-blocks-custom-container citadela-block-custom-container size-wide bg-type-color inside-space-none has-bg\" style=\"background-color:rgba(244, 244, 244, 1)\"><div class=\"inner-holder\">\n<div class=\"wp-block-citadela-blocks-spacer citadela-block-spacer responsive-options loading hide-in-responsive\" data-block-attr=\"{&quot;desktop&quot;:{&quot;height&quot;:&quot;2vw&quot;},&quot;mobile&quot;:{&quot;height&quot;:&quot;0vw&quot;}}\" data-block-mobile-breakpoint=\"600\"><div class=\"inner-holder\" style=\"padding-top:2vw\"><\/div><\/div>\n\n\n\n<div class=\"wp-block-citadela-blocks-spacer citadela-block-spacer\"><div class=\"inner-holder\" style=\"padding-top:4px\"><\/div><\/div>\n\n\n\n<div class=\"wp-block-columns alignwide has-3-columns is-layout-flex wp-container-core-columns-is-layout-9d6595d7 wp-block-columns-is-layout-flex\">\n<div class=\"wp-block-column is-layout-flow wp-block-column-is-layout-flow\">\n<div class=\"wp-block-group\"><div class=\"wp-block-group__inner-container is-layout-flow wp-block-group-is-layout-flow\">\n<figure class=\"wp-block-image size-citadela_service\"><img loading=\"lazy\" decoding=\"async\" width=\"480\" height=\"360\" src=\"http:\/\/www.lofkullagolf.fi\/cita\/wp-content\/uploads\/2017\/01\/kentta_minislide_1-480x360.jpg\" alt=\"\" class=\"wp-image-158\" srcset=\"https:\/\/www.lofkullagolf.fi\/cita\/wp-content\/uploads\/2017\/01\/kentta_minislide_1-480x360.jpg 480w, https:\/\/www.lofkullagolf.fi\/cita\/wp-content\/uploads\/2017\/01\/kentta_minislide_1-640x480.jpg 640w\" sizes=\"auto, (max-width: 480px) 100vw, 480px\" \/><\/figure>\n\n\n\n<div class=\"wp-block-citadela-blocks-spacer citadela-block-spacer\"><div class=\"inner-holder\" style=\"padding-top:1px\"><\/div><\/div>\n\n\n\n<h4 class=\"wp-block-heading\">Golfkentt\u00e4<\/h4>\n\n\n\n<p class=\"has-text-align-left\">Tule pelaamaan maalaismilj\u00f6\u00f6seen keskelle Espoota. 9-reik\u00e4inen golfrata on tasoituskelpoinen par 31 rata. <\/p>\n\n\n\n<div class=\"wp-block-citadela-blocks-spacer citadela-block-spacer negative-height\"><div class=\"inner-holder\" style=\"margin-top:-5px\"><\/div><\/div>\n\n\n         <div \r\n            class=\"citadela-block-responsive-text weight-500 align-left\"\r\n                                 >\r\n            <p class=\"inner-tag\" style=\"font-weight: 500;\"><a href=\"http:\/\/www.lofkullagolf.fi\/cita\/kentta\/golfkentan-profiili\/\" data-type=\"URL\" data-id=\"http:\/\/www.lofkullagolf.fi\/cita\/kentta\/golfkentan-profiili\/\">Lue lis\u00e4\u00e4<\/a><\/p>         <\/div>\r\n      <\/div><\/div>\n<\/div>\n\n\n\n<div class=\"wp-block-column is-layout-flow wp-block-column-is-layout-flow\">\n<div class=\"wp-block-group\"><div class=\"wp-block-group__inner-container is-layout-flow wp-block-group-is-layout-flow\">\n<figure class=\"wp-block-image size-citadela_service\"><img loading=\"lazy\" decoding=\"async\" width=\"480\" height=\"360\" src=\"http:\/\/www.lofkullagolf.fi\/cita\/wp-content\/uploads\/2023\/01\/range_3-edited-480x360.jpg\" alt=\"\" class=\"wp-image-5245\" srcset=\"https:\/\/www.lofkullagolf.fi\/cita\/wp-content\/uploads\/2023\/01\/range_3-edited-480x360.jpg 480w, https:\/\/www.lofkullagolf.fi\/cita\/wp-content\/uploads\/2023\/01\/range_3-edited-640x480.jpg 640w\" sizes=\"auto, (max-width: 480px) 100vw, 480px\" \/><\/figure>\n\n\n\n<div class=\"wp-block-citadela-blocks-spacer citadela-block-spacer\"><div class=\"inner-holder\" style=\"padding-top:1px\"><\/div><\/div>\n\n\n\n<h4 class=\"wp-block-heading\">Range<\/h4>\n\n\n\n<p>Rangella on 50 harjoitusly\u00f6ntipaikkaa (matolta) ja 10 nurmily\u00f6ntipaikkaa puumailoille<\/p>\n\n\n\n<div class=\"wp-block-citadela-blocks-spacer citadela-block-spacer negative-height\"><div class=\"inner-holder\" style=\"margin-top:-5px\"><\/div><\/div>\n\n\n         <div \r\n            class=\"citadela-block-responsive-text weight-500 align-left\"\r\n                                 >\r\n            <p class=\"inner-tag\" style=\"font-weight: 500;\"><a href=\"http:\/\/www.lofkullagolf.fi\/cita\/2019\/09\/06\/choose-theme-for-any-website\/\"><\/a><a href=\"http:\/\/www.lofkullagolf.fi\/cita\/kentta\/range\/\" data-type=\"URL\" data-id=\"http:\/\/www.lofkullagolf.fi\/cita\/kentta\/range\/\">Lue lis\u00e4\u00e4<\/a><\/p>         <\/div>\r\n      <\/div><\/div>\n<\/div>\n\n\n\n<div class=\"wp-block-column is-layout-flow wp-block-column-is-layout-flow\">\n<div class=\"wp-block-group\"><div class=\"wp-block-group__inner-container is-layout-flow wp-block-group-is-layout-flow\">\n<figure class=\"wp-block-image size-citadela_service\"><img loading=\"lazy\" decoding=\"async\" width=\"480\" height=\"360\" src=\"https:\/\/www.lofkullagolf.fi\/cita\/wp-content\/uploads\/2024\/03\/DJI_0064-480x360.jpg\" alt=\"\" class=\"wp-image-6170\" srcset=\"https:\/\/www.lofkullagolf.fi\/cita\/wp-content\/uploads\/2024\/03\/DJI_0064-480x360.jpg 480w, https:\/\/www.lofkullagolf.fi\/cita\/wp-content\/uploads\/2024\/03\/DJI_0064-300x225.jpg 300w, https:\/\/www.lofkullagolf.fi\/cita\/wp-content\/uploads\/2024\/03\/DJI_0064-1024x768.jpg 1024w, https:\/\/www.lofkullagolf.fi\/cita\/wp-content\/uploads\/2024\/03\/DJI_0064-768x576.jpg 768w, https:\/\/www.lofkullagolf.fi\/cita\/wp-content\/uploads\/2024\/03\/DJI_0064-1536x1152.jpg 1536w, https:\/\/www.lofkullagolf.fi\/cita\/wp-content\/uploads\/2024\/03\/DJI_0064-2048x1536.jpg 2048w, https:\/\/www.lofkullagolf.fi\/cita\/wp-content\/uploads\/2024\/03\/DJI_0064-640x480.jpg 640w\" sizes=\"auto, (max-width: 480px) 100vw, 480px\" \/><\/figure>\n\n\n\n<div class=\"wp-block-citadela-blocks-spacer citadela-block-spacer\"><div class=\"inner-holder\" style=\"padding-top:1px\"><\/div><\/div>\n\n\n\n<h4 class=\"wp-block-heading\">Pelaamisen s\u00e4\u00e4nn\u00f6t ja ohjeet<\/h4>\n\n\n\n<div class=\"wp-block-group is-vertical is-layout-flex wp-container-core-group-is-layout-8cf370e7 wp-block-group-is-layout-flex\">\n<p>Tervetuloa pelaamaan L\u00f6fkullaan!<\/p>\n\n\n\n<p>Peliojeesta saat tietoa L\u00f6fkullan s\u00e4\u00e4nn\u00f6ist\u00e4, l\u00e4ht\u00f6ajoista ja tarvittavista pelivarusteita jne.<\/p>\n\n\n\n<div class=\"wp-block-citadela-blocks-spacer citadela-block-spacer negative-height\"><div class=\"inner-holder\" style=\"margin-top:-5px\"><\/div><\/div>\n<\/div>\n\n\n         <div \r\n            class=\"citadela-block-responsive-text weight-500 align-left\"\r\n                                 >\r\n            <p class=\"inner-tag\" style=\"font-weight: 500;\"><a href=\"http:\/\/www.lofkullagolf.fi\/cita\/2019\/09\/06\/choose-theme-for-any-website\/\"><\/a><a href=\"https:\/\/www.lofkullagolf.fi\/cita\/pelaaminen\/toimintatavat-saannot\/\">Lue lis\u00e4\u00e4<\/a><\/p>         <\/div>\r\n      <\/div><\/div>\n<\/div>\n<\/div>\n<\/div><\/div>\n\n\n\n<div class=\"wp-block-citadela-blocks-custom-container citadela-block-custom-container size-wide bg-type-color inside-space-none has-bg\" style=\"background-color:rgba(244, 244, 244, 1)\"><div class=\"inner-holder\" style=\"max-width:1200px\">\n<div class=\"wp-block-citadela-blocks-spacer citadela-block-spacer\"><div class=\"inner-holder\" style=\"padding-top:4px\"><\/div><\/div>\n\n\n\n<div class=\"wp-block-columns alignwide has-3-columns is-layout-flex wp-container-core-columns-is-layout-9d6595d7 wp-block-columns-is-layout-flex\">\n<div class=\"wp-block-column is-layout-flow wp-block-column-is-layout-flow\">\n<div class=\"wp-block-group\"><div class=\"wp-block-group__inner-container is-layout-flow wp-block-group-is-layout-flow\">\n<figure class=\"wp-block-image size-citadela_service\"><img loading=\"lazy\" decoding=\"async\" width=\"480\" height=\"360\" src=\"http:\/\/www.lofkullagolf.fi\/cita\/wp-content\/uploads\/2020\/02\/MIINI-GOLF-PALVELUT-480x360.jpg\" alt=\"\" class=\"wp-image-2759\"\/><\/figure>\n\n\n\n<div class=\"wp-block-citadela-blocks-spacer citadela-block-spacer\"><div class=\"inner-holder\" style=\"padding-top:1px\"><\/div><\/div>\n\n\n\n<h4 class=\"wp-block-heading\">Minigolf<\/h4>\n\n\n\n<p class=\"has-text-align-left\">Kent\u00e4ll\u00e4 on huipputasoinen 9-reik\u00e4inen minigolfrata. Tervetuloa pelaamaan minigolfia ja pit\u00e4m\u00e4\u00e4n hauskaa!<\/p>\n\n\n\n<div class=\"wp-block-citadela-blocks-spacer citadela-block-spacer negative-height\"><div class=\"inner-holder\" style=\"margin-top:-5px\"><\/div><\/div>\n\n\n         <div \r\n            class=\"citadela-block-responsive-text weight-500 align-left\"\r\n                                 >\r\n            <p class=\"inner-tag\" style=\"font-weight: 500;\"><a href=\"http:\/\/www.lofkullagolf.fi\/cita\/minigolf-3\/\" data-type=\"URL\" data-id=\"http:\/\/www.lofkullagolf.fi\/cita\/kentta\/golfkentan-profiili\/\">Lue lis\u00e4\u00e4<\/a><\/p>         <\/div>\r\n      <\/div><\/div>\n<\/div>\n\n\n\n<div class=\"wp-block-column is-layout-flow wp-block-column-is-layout-flow\">\n<div class=\"wp-block-group\"><div class=\"wp-block-group__inner-container is-layout-flow wp-block-group-is-layout-flow\">\n<figure class=\"wp-block-image size-full\"><img loading=\"lazy\" decoding=\"async\" width=\"480\" height=\"360\" src=\"https:\/\/www.lofkullagolf.fi\/cita\/wp-content\/uploads\/2025\/03\/mrgolf.png\" alt=\"\" class=\"wp-image-7153\" style=\"object-fit:cover\" srcset=\"https:\/\/www.lofkullagolf.fi\/cita\/wp-content\/uploads\/2025\/03\/mrgolf.png 480w, https:\/\/www.lofkullagolf.fi\/cita\/wp-content\/uploads\/2025\/03\/mrgolf-300x225.png 300w\" sizes=\"auto, (max-width: 480px) 100vw, 480px\" \/><\/figure>\n\n\n\n<div class=\"wp-block-citadela-blocks-spacer citadela-block-spacer\"><div class=\"inner-holder\" style=\"padding-top:1px\"><\/div><\/div>\n\n\n\n<h4 class=\"wp-block-heading\">Golfopetus<\/h4>\n\n\n\n<p>Minni &amp; Roope Golfschool tarjoaa golfopetusta ja valmennusta kaikenik\u00e4isille  ja tasoisille pelaajille.<\/p>\n\n\n\n<div class=\"wp-block-citadela-blocks-spacer citadela-block-spacer negative-height\"><div class=\"inner-holder\" style=\"margin-top:-5px\"><\/div><\/div>\n\n\n         <div \r\n            class=\"citadela-block-responsive-text weight-500 align-left\"\r\n                                 >\r\n            <p class=\"inner-tag\" style=\"font-weight: 500;\"><a href=\"http:\/\/www.lofkullagolf.fi\/cita\/2019\/09\/06\/choose-theme-for-any-website\/\"><\/a><a href=\"http:\/\/www.lofkullagolf.fi\/cita\/golfopetus\/\" data-type=\"URL\" data-id=\"http:\/\/www.lofkullagolf.fi\/cita\/kentta\/range\/\">Lue lis\u00e4\u00e4<\/a><\/p>         <\/div>\r\n      <\/div><\/div>\n<\/div>\n\n\n\n<div class=\"wp-block-column is-layout-flow wp-block-column-is-layout-flow\">\n<div class=\"wp-block-group\"><div class=\"wp-block-group__inner-container is-layout-flow wp-block-group-is-layout-flow\">\n<figure class=\"wp-block-image size-full is-resized\"><img loading=\"lazy\" decoding=\"async\" width=\"320\" height=\"240\" src=\"https:\/\/www.lofkullagolf.fi\/cita\/wp-content\/uploads\/2026\/01\/d0869224-d353-44b8-a196-9ec15599719a.jpg\" alt=\"\" class=\"wp-image-7675\" style=\"object-fit:cover;width:361px;height:auto\" srcset=\"https:\/\/www.lofkullagolf.fi\/cita\/wp-content\/uploads\/2026\/01\/d0869224-d353-44b8-a196-9ec15599719a.jpg 320w, https:\/\/www.lofkullagolf.fi\/cita\/wp-content\/uploads\/2026\/01\/d0869224-d353-44b8-a196-9ec15599719a-300x225.jpg 300w\" sizes=\"auto, (max-width: 320px) 100vw, 320px\" \/><\/figure>\n\n\n\n<div class=\"wp-block-citadela-blocks-spacer citadela-block-spacer\"><div class=\"inner-holder\" style=\"padding-top:1px\"><\/div><\/div>\n\n\n\n<h4 class=\"wp-block-heading\">Caf\u00e9 L\u00f6fkulla<\/h4>\n\n\n\n<p>Tule nautimaan kahvilan herkullisista antimista ja rennosta ilmapiirist\u00e4.<\/p>\n\n\n\n<div class=\"wp-block-citadela-blocks-spacer citadela-block-spacer negative-height\"><div class=\"inner-holder\" style=\"margin-top:-5px\"><\/div><\/div>\n\n\n         <div \r\n            class=\"citadela-block-responsive-text weight-500 align-left\"\r\n                                 >\r\n            <p class=\"inner-tag\" style=\"font-weight: 500;\"><a href=\"http:\/\/www.lofkullagolf.fi\/cita\/2019\/09\/06\/choose-theme-for-any-website\/\"><\/a><a href=\"http:\/\/www.lofkullagolf.fi\/cita\/kahvila\/\">Lue lis\u00e4\u00e4<\/a><\/p>         <\/div>\r\n      <\/div><\/div>\n<\/div>\n<\/div>\n<\/div><\/div>\n\n\n\n<div class=\"wp-block-citadela-blocks-custom-container citadela-block-custom-container size-content bg-type-image inside-space-none bg-size-cover has-overlay\"><div class=\"bg-image-wrapper\" style=\"background-image:url(http:\/\/www.lofkullagolf.fi\/cita\/wp-content\/uploads\/2024\/03\/DJI_0064-scaled.jpg);background-repeat:no-repeat;background-position:90% 55%\"><\/div><div class=\"bg-image-overlay\" style=\"opacity:0.5\"><\/div><div class=\"inner-holder\">        \r\n        <div class=\"wp-block-citadela-blocks ctdl-posts layout-simple size-medium  border-thin show-item-featured-image show-item-date show-item-description custom-background-color\">\r\n            \r\n<div class=\"citadela-block-articles\">\r\n    <div class=\"citadela-block-articles-wrap\">\r\n\r\n        \r\n<article id=\"post-7935\" class=\"has-date has-description\" style=\"background-color: rgba(238, 238, 238, 1);\"\">\r\n    <header class=\"entry-header\">\r\n        <h2 class=\"entry-title\">\r\n            <a href=\"https:\/\/www.lofkullagolf.fi\/cita\/tervetuloa-mukaan-cafe-lofkulla-avaa-ovensa-lauantaina-18-4-klo-11-2\/\" rel=\"bookmark\">Tervetuloa mukaan! Caf\u00e9 L\u00f6fkulla avaa ovensa lauantaina 18.4. klo 11.<\/a>        <\/h2>\r\n        <div class=\"entry-meta\">\r\n            <span class=\"posted-on\"><span class=\"posted-on-text\">L\u00e4hetetty<\/span> <span class=\"posted-on-date\"><a href=\"https:\/\/www.lofkullagolf.fi\/cita\/2026\/04\/17\/\" rel=\"bookmark\" ><time class=\"entry-date published\" datetime=\"2026-04-17T06:20:51+00:00\">17.4.2026<\/time><time class=\"updated\" datetime=\"2026-04-17T06:21:35+00:00\">17.4.2026<\/time><\/a><\/span><\/span>            <span class=\"byline\"><span class=\"byline-text\">kirjoittaja<\/span> <span class=\"author vcard\"><a class=\"url fn n\" href=\"https:\/\/www.lofkullagolf.fi\/cita\/author\/bella2013golf\/\" >Caddiemaster<\/a><\/span><\/span>        <\/div>\r\n            <\/header>\r\n\r\n    \r\n    \r\n        <div class=\"entry-content\">\r\n            \r\n                Tule nauttimaan kahvilan herkullisista antimista ja viihtyis\u00e4st\u00e4 tunnelmasta. T\u00e4st\u00e4 eteenp\u00e4in tarjolla on my\u00f6s keittolounas joka p\u00e4iv\u00e4 klo 11\u201314.30.\r\n            \r\n                    <\/div>\r\n\r\n    \r\n    \r\n<\/article>\r\n<article id=\"post-7933\" class=\"has-date has-description\" style=\"background-color: rgba(238, 238, 238, 1);\"\">\r\n    <header class=\"entry-header\">\r\n        <h2 class=\"entry-title\">\r\n            <a href=\"https:\/\/www.lofkullagolf.fi\/cita\/naisten-kevakurssi-tortaina-7-5-ilmoitaudu-mukaan\/\" rel=\"bookmark\">Naisten kev\u00e4kurssi tortaina 7.5. Ilmoitaudu mukaan!<\/a>        <\/h2>\r\n        <div class=\"entry-meta\">\r\n            <span class=\"posted-on\"><span class=\"posted-on-text\">L\u00e4hetetty<\/span> <span class=\"posted-on-date\"><a href=\"https:\/\/www.lofkullagolf.fi\/cita\/2026\/04\/17\/\" rel=\"bookmark\" ><time class=\"entry-date published updated\" datetime=\"2026-04-17T06:14:26+00:00\">17.4.2026<\/time><\/a><\/span><\/span>            <span class=\"byline\"><span class=\"byline-text\">kirjoittaja<\/span> <span class=\"author vcard\"><a class=\"url fn n\" href=\"https:\/\/www.lofkullagolf.fi\/cita\/author\/bella2013golf\/\" >Caddiemaster<\/a><\/span><\/span>        <\/div>\r\n            <\/header>\r\n\r\n    \r\n    \r\n        <div class=\"entry-content\">\r\n            \r\n                Naisten kev\u00e4tkurssi, jossa harjoitellaan monipuolisesti kaikkia golfin osa-alueita. Kaikentasoiset pelaajat ovat tervetulleita kurssille. Kurssilla harjoitellaan pienryhm\u00e4ss\u00e4, jossa saat yksil\u00f6llist\u00e4 opetusta sek\u00e4 oppeja omatoimiseen harjoitteluun. 3-8 pelaajan pienryhm\u00e4 Kurssin vet\u00e4\u00e4 Jenna M\u00e4ih\u00e4niemi Hinta: 110\u20ac Kurssin hinta sis\u00e4lt\u00e4\u00e4 pallot + opetuksen Kurssin kesto: 3 x 1.5h P\u00e4iv\u00e4m\u00e4\u00e4r\u00e4t: Torstaisin 7.5., 14.5. &amp; 21.5&#8230;.\r\n            \r\n                    <\/div>\r\n\r\n    \r\n    \r\n<\/article>\r\n<article id=\"post-7909\" class=\"has-date has-description\" style=\"background-color: rgba(238, 238, 238, 1);\"\">\r\n    <header class=\"entry-header\">\r\n        <h2 class=\"entry-title\">\r\n            <a href=\"https:\/\/www.lofkullagolf.fi\/cita\/muutimme-viikonlopun-aukioloaikoja\/\" rel=\"bookmark\">Muutimme aukioloaikoja<\/a>        <\/h2>\r\n        <div class=\"entry-meta\">\r\n            <span class=\"posted-on\"><span class=\"posted-on-text\">L\u00e4hetetty<\/span> <span class=\"posted-on-date\"><a href=\"https:\/\/www.lofkullagolf.fi\/cita\/2026\/04\/10\/\" rel=\"bookmark\" ><time class=\"entry-date published\" datetime=\"2026-04-10T11:14:18+00:00\">10.4.2026<\/time><time class=\"updated\" datetime=\"2026-04-10T11:16:54+00:00\">10.4.2026<\/time><\/a><\/span><\/span>            <span class=\"byline\"><span class=\"byline-text\">kirjoittaja<\/span> <span class=\"author vcard\"><a class=\"url fn n\" href=\"https:\/\/www.lofkullagolf.fi\/cita\/author\/bella2013golf\/\" >Caddiemaster<\/a><\/span><\/span>        <\/div>\r\n            <\/header>\r\n\r\n    \r\n    \r\n        <div class=\"entry-content\">\r\n            \r\n                Palloautomaati avoinna p\u00e4ivitt\u00e4in klo 11 &#8211; 20. Viikonloppuna 11.4 alkaen caddiemaster ja 9-reik\u00e4inen rata avoinna klo 11 &#8211; 18. Viimeinen l\u00e4ht\u00f6 klo 18\r\n            \r\n                    <\/div>\r\n\r\n    \r\n    \r\n<\/article>\r\n    <\/div>\r\n<\/div>        <\/div>\r\n        \r\n        <\/div><\/div>\n\n\n\n<div class=\"wp-block-citadela-blocks-spacer citadela-block-spacer\"><div class=\"inner-holder\" style=\"padding-top:20px\"><\/div><\/div>\n\n\n\n<div class=\"wp-block-citadela-blocks-custom-container citadela-block-custom-container size-content bg-type-none inside-space-none\"><div class=\"inner-holder\">\n<h2 class=\"wp-block-heading has-white-color has-text-color\">Aukioloajat<\/h2>\n\n\n\n<figure class=\"wp-block-table is-style-stripes\"><table class=\"has-white-color has-text-color has-background\" style=\"background-color:#014d2c\"><thead><tr><th>Aukioloajat<\/th><th>ma &#8211; pe<\/th><th>la &#8211; su<\/th><\/tr><\/thead><tbody><tr><td>Caddiemaster<\/td><td>11 &#8211; 19<\/td><td>11 &#8211; 18<\/td><\/tr><tr><td>Palloautomaatti<\/td><td>11 &#8211; 20<\/td><td>11 &#8211; 20<\/td><\/tr><tr><td>9-reik\u00e4inen rata<br>Viimeinen l\u00e4ht\u00f6<\/td><td>11 &#8211; 19<br>klo 19<\/td><td>11 &#8211; 18<br>klo 18<\/td><\/tr><tr><td>Minigolf<\/td><td>suljettu<\/td><td>suljettu<\/td><\/tr><tr><td>Caf\u00e9 L\u00f6fkulla<\/td><td>11 &#8211; 20<\/td><td>11 &#8211; 20<\/td><\/tr><\/tbody><\/table><\/figure>\n<\/div><\/div>\n","protected":false},"excerpt":{"rendered":"<p>L\u00f6fkulla Golf on monipuolinen golfkeskus Espoon Ikean vieress\u00e4, joka tarjoaa hyv\u00e4t puitteet lajin harrastamiseen. Golfkent\u00e4n 9-reik\u00e4inen rata, range, harjoitusviheri\u00f6t ja minigolfrata tarjoavat hauskaa ajanvietett\u00e4 kaikenik\u00e4isille ja tasoisille pelaajille. Golfkent\u00e4ll\u00e4 voi pelata ilman green cardia tai golfseuran j\u00e4senyytt\u00e4. Pelaamaan p\u00e4\u00e4see kertamaksua vastaan ja peliv\u00e4lineit\u00e4 saa vuokrata caddiemasterilt\u00e4. L\u00f6fkulla tarjoaa laadukkaat opetus- ja valmennuspalvelut kaiken tasoisille ja [&hellip;]<\/p>\n","protected":false},"author":1,"featured_media":0,"parent":0,"menu_order":0,"comment_status":"closed","ping_status":"open","template":"","meta":{"_citadela_hide_page_title":"","_citadela_remove_header_space":"","_citadela_custom_class":"","_citadela_half_map_provider":"","_citadela_half_map_theme":"","_citadela_half_map_themeOSM":"","_citadela_half_map_customTheme":"","_citadela_half_map_dataType":"","_citadela_half_map_dynamicTrack":false,"_citadela_half_map_trackColor":"","_citadela_half_map_trackEndpointsColor":"","_citadela_half_map_filterCategory":"","_citadela_half_map_filterLocation":"","_citadela_half_map_filterFeatured":false,"_citadela_half_map_noDataBehavior":"empty-map","_citadela_half_map_noDataText":"","_citadela_half_map_clusterGridSize":80,"_citadela_header":false,"_citadela_header_over_content":true,"_citadela_header_text_color":"","_citadela_header_logo":[],"_citadela_header_bg_image":[],"_citadela_header_bg_position":{"x":0.5,"y":0.5},"_citadela_header_bg_size":"cover","_citadela_header_bg_repeat":"no-repeat","_citadela_header_bg_fixed":false,"_citadela_header_bg_color":"","_citadela_header_bg_image_overlay":"","_citadela_header_transparent_bg":false,"_citadela_content_width":"","_citadela_half_layout_position":"","footnotes":""},"class_list":["post-20","page","type-page","status-publish","hentry"],"_links":{"self":[{"href":"https:\/\/www.lofkullagolf.fi\/cita\/wp-json\/wp\/v2\/pages\/20","targetHints":{"allow":["GET"]}}],"collection":[{"href":"https:\/\/www.lofkullagolf.fi\/cita\/wp-json\/wp\/v2\/pages"}],"about":[{"href":"https:\/\/www.lofkullagolf.fi\/cita\/wp-json\/wp\/v2\/types\/page"}],"author":[{"embeddable":true,"href":"https:\/\/www.lofkullagolf.fi\/cita\/wp-json\/wp\/v2\/users\/1"}],"replies":[{"embeddable":true,"href":"https:\/\/www.lofkullagolf.fi\/cita\/wp-json\/wp\/v2\/comments?post=20"}],"version-history":[{"count":226,"href":"https:\/\/www.lofkullagolf.fi\/cita\/wp-json\/wp\/v2\/pages\/20\/revisions"}],"predecessor-version":[{"id":7938,"href":"https:\/\/www.lofkullagolf.fi\/cita\/wp-json\/wp\/v2\/pages\/20\/revisions\/7938"}],"wp:attachment":[{"href":"https:\/\/www.lofkullagolf.fi\/cita\/wp-json\/wp\/v2\/media?parent=20"}],"curies":[{"name":"wp","href":"https:\/\/api.w.org\/{rel}","templated":true}]}}