{"id":125,"date":"2017-01-03T23:32:07","date_gmt":"2017-01-03T21:32:07","guid":{"rendered":"http:\/\/www.lofkullagolf.fi\/wp\/?page_id=125"},"modified":"2026-03-23T07:40:54","modified_gmt":"2026-03-23T07:40:54","slug":"range","status":"publish","type":"page","link":"https:\/\/www.lofkullagolf.fi\/cita\/kentta\/range\/","title":{"rendered":"Range"},"content":{"rendered":"<div class=\"wp-block-image\">\n<figure class=\"alignright is-resized\"><img loading=\"lazy\" decoding=\"async\" width=\"480\" height=\"360\" src=\"http:\/\/www.lofkullagolf.fi\/cita\/wp-content\/uploads\/2023\/01\/range_3-edited-480x360.jpg\" alt=\"\" class=\"wp-image-5245\" style=\"width:371px;height:auto\" srcset=\"https:\/\/www.lofkullagolf.fi\/cita\/wp-content\/uploads\/2023\/01\/range_3-edited-480x360.jpg 480w, https:\/\/www.lofkullagolf.fi\/cita\/wp-content\/uploads\/2023\/01\/range_3-edited-640x480.jpg 640w\" sizes=\"auto, (max-width: 480px) 100vw, 480px\" \/><\/figure>\n<\/div>\n\n\n<p>L\u00f6fkullan rangella on tilaa harjoitella tai vain kokeilla lajia. Rangella on 50 harjoitusly\u00f6ntipaikkaa (matolta) ja 10 nurmily\u00f6ntipaikkaa puumailoille. Nurmily\u00f6ntipaikalla pelattaessa k\u00e4ytet\u00e4\u00e4n AINA puutiit\u00e4.<\/p>\n\n\n\n<p>Palloautomaatit toimivat MobilePaylla, poletilla, 2 \u20ac kolikoilla ja kent\u00e4n ladattavalla SOLO-kortilla. Peliv\u00e4lineit\u00e4 saa vuokrata caddiemasterilta.<\/p>\n\n\n\n<p>Pallokori 4 \u20ac \/ 40 palloa ja Pallokori 2 \u20ac \/ 20 palloa.<\/p>\n\n\n\n<p>Rangella voi harjoitella pituus ja l\u00e4hipeli\u00e4 alkaen 20 metrist\u00e4. Metalliset pituus taulut soivat kelloina, jos onnistut ly\u00f6nniss\u00e4.<\/p>\n\n\n\n<p><span style=\"color: #003300;\"><strong>&nbsp;<\/strong><\/span><\/p>\n","protected":false},"excerpt":{"rendered":"<p>L\u00f6fkullan rangella on tilaa harjoitella tai vain kokeilla lajia. Rangella on 50 harjoitusly\u00f6ntipaikkaa (matolta) ja 10 nurmily\u00f6ntipaikkaa puumailoille. Nurmily\u00f6ntipaikalla pelattaessa k\u00e4ytet\u00e4\u00e4n AINA puutiit\u00e4. Palloautomaatit toimivat MobilePaylla, poletilla, 2 \u20ac kolikoilla ja kent\u00e4n ladattavalla SOLO-kortilla. Peliv\u00e4lineit\u00e4 saa vuokrata caddiemasterilta. Pallokori 4 \u20ac \/ 40 palloa ja Pallokori 2 \u20ac \/ 20 palloa. Rangella voi harjoitella pituus [&hellip;]<\/p>\n","protected":false},"author":1,"featured_media":0,"parent":97,"menu_order":2,"comment_status":"closed","ping_status":"closed","template":"","meta":{"_citadela_hide_page_title":"","_citadela_remove_header_space":"","_citadela_custom_class":"","_citadela_half_map_provider":"","_citadela_half_map_theme":"","_citadela_half_map_themeOSM":"","_citadela_half_map_customTheme":"","_citadela_half_map_dataType":"","_citadela_half_map_dynamicTrack":false,"_citadela_half_map_trackColor":"","_citadela_half_map_trackEndpointsColor":"","_citadela_half_map_filterCategory":"","_citadela_half_map_filterLocation":"","_citadela_half_map_filterFeatured":false,"_citadela_half_map_noDataBehavior":"empty-map","_citadela_half_map_noDataText":"","_citadela_half_map_clusterGridSize":80,"_citadela_header":false,"_citadela_header_over_content":false,"_citadela_header_text_color":"","_citadela_header_logo":[],"_citadela_header_bg_image":[],"_citadela_header_bg_position":[],"_citadela_header_bg_size":"","_citadela_header_bg_repeat":"","_citadela_header_bg_fixed":false,"_citadela_header_bg_color":"","_citadela_header_bg_image_overlay":"","_citadela_header_transparent_bg":false,"_citadela_content_width":"","_citadela_half_layout_position":"","footnotes":""},"class_list":["post-125","page","type-page","status-publish","hentry"],"_links":{"self":[{"href":"https:\/\/www.lofkullagolf.fi\/cita\/wp-json\/wp\/v2\/pages\/125","targetHints":{"allow":["GET"]}}],"collection":[{"href":"https:\/\/www.lofkullagolf.fi\/cita\/wp-json\/wp\/v2\/pages"}],"about":[{"href":"https:\/\/www.lofkullagolf.fi\/cita\/wp-json\/wp\/v2\/types\/page"}],"author":[{"embeddable":true,"href":"https:\/\/www.lofkullagolf.fi\/cita\/wp-json\/wp\/v2\/users\/1"}],"replies":[{"embeddable":true,"href":"https:\/\/www.lofkullagolf.fi\/cita\/wp-json\/wp\/v2\/comments?post=125"}],"version-history":[{"count":10,"href":"https:\/\/www.lofkullagolf.fi\/cita\/wp-json\/wp\/v2\/pages\/125\/revisions"}],"predecessor-version":[{"id":7757,"href":"https:\/\/www.lofkullagolf.fi\/cita\/wp-json\/wp\/v2\/pages\/125\/revisions\/7757"}],"up":[{"embeddable":true,"href":"https:\/\/www.lofkullagolf.fi\/cita\/wp-json\/wp\/v2\/pages\/97"}],"wp:attachment":[{"href":"https:\/\/www.lofkullagolf.fi\/cita\/wp-json\/wp\/v2\/media?parent=125"}],"curies":[{"name":"wp","href":"https:\/\/api.w.org\/{rel}","templated":true}]}}