{"id":114,"date":"2017-01-03T22:49:06","date_gmt":"2017-01-03T20:49:06","guid":{"rendered":"http:\/\/www.lofkullagolf.fi\/wp\/?page_id=114"},"modified":"2026-04-16T17:08:51","modified_gmt":"2026-04-16T17:08:51","slug":"kahvila","status":"publish","type":"page","link":"https:\/\/www.lofkullagolf.fi\/cita\/kahvila\/","title":{"rendered":"Caf\u00e9 L\u00f6fkulla"},"content":{"rendered":"<div class=\"wp-block-image\">\n<figure class=\"alignright\"><img loading=\"lazy\" decoding=\"async\" width=\"320\" height=\"240\" src=\"https:\/\/www.lofkullagolf.fi\/cita\/wp-content\/uploads\/2026\/01\/437879d0-067b-46fa-b79e-3d429782ad29.JPG-1.jpg\" alt=\"\" class=\"wp-image-7672\" srcset=\"https:\/\/www.lofkullagolf.fi\/cita\/wp-content\/uploads\/2026\/01\/437879d0-067b-46fa-b79e-3d429782ad29.JPG-1.jpg 320w, https:\/\/www.lofkullagolf.fi\/cita\/wp-content\/uploads\/2026\/01\/437879d0-067b-46fa-b79e-3d429782ad29.JPG-1-300x225.jpg 300w\" sizes=\"auto, (max-width: 320px) 100vw, 320px\" \/><\/figure>\n<\/div>\n\n<p><strong>Caf\u00e9 L\u00f6fkullan avaijaiset lauantaina 18.4 klo 11!<\/strong><\/p>\n<p>P\u00e4ivitt\u00e4in keittolounas klo 11 &#8211; 14.30.<\/p>\n<p>Keskell\u00e4 vanhinta Espoota historiallisessa milj\u00f6\u00f6ss\u00e4 punaisessa tuvassa toimii kes\u00e4kahvila Caf\u00e9 L\u00f6fkulla.<\/p>\n<p>Kahvilaa kiert\u00e4\u00e4 9-reik\u00e4inen minigolfrata, vuokraa kahvilalta mailat sek\u00e4 pallot matkaan ja nauti hauskasta p\u00e4iv\u00e4st\u00e4 pelaillen!<\/p>\n<p>Tule nauttimaan tuoreista kahvilaherkuista ja rennosta yhdess\u00e4olosta, aurinkoiselle terassillemme!<\/p>\n\n\n<div class=\"wp-block-group is-vertical is-layout-flex wp-container-core-group-is-layout-8cf370e7 wp-block-group-is-layout-flex\">\n<p> puh. 0451886900<\/p>\n\n\n\n<p><a href=\"mailto:bleondsejdiu@gmail.com\">bleondsejdiu@gmail.com<\/a>\u00a0<\/p>\n<\/div>\n","protected":false},"excerpt":{"rendered":"<p>Caf\u00e9 L\u00f6fkullan avaijaiset lauantaina 18.4 klo 11! P\u00e4ivitt\u00e4in keittolounas klo 11 &#8211; 14.30. Keskell\u00e4 vanhinta Espoota historiallisessa milj\u00f6\u00f6ss\u00e4 punaisessa tuvassa toimii kes\u00e4kahvila Caf\u00e9 L\u00f6fkulla. Kahvilaa kiert\u00e4\u00e4 9-reik\u00e4inen minigolfrata, vuokraa kahvilalta mailat sek\u00e4 pallot matkaan ja nauti hauskasta p\u00e4iv\u00e4st\u00e4 pelaillen! Tule nauttimaan tuoreista kahvilaherkuista ja rennosta yhdess\u00e4olosta, aurinkoiselle terassillemme! puh. 0451886900 bleondsejdiu@gmail.com\u00a0<\/p>\n","protected":false},"author":1,"featured_media":0,"parent":0,"menu_order":5,"comment_status":"closed","ping_status":"closed","template":"","meta":{"_citadela_hide_page_title":"","_citadela_remove_header_space":"","_citadela_custom_class":"","_citadela_half_map_provider":"","_citadela_half_map_theme":"","_citadela_half_map_themeOSM":"","_citadela_half_map_customTheme":"","_citadela_half_map_dataType":"","_citadela_half_map_dynamicTrack":false,"_citadela_half_map_trackColor":"","_citadela_half_map_trackEndpointsColor":"","_citadela_half_map_filterCategory":"","_citadela_half_map_filterLocation":"","_citadela_half_map_filterFeatured":false,"_citadela_half_map_noDataBehavior":"empty-map","_citadela_half_map_noDataText":"","_citadela_half_map_clusterGridSize":80,"_citadela_header":false,"_citadela_header_over_content":false,"_citadela_header_text_color":"","_citadela_header_logo":[],"_citadela_header_bg_image":[],"_citadela_header_bg_position":[],"_citadela_header_bg_size":"","_citadela_header_bg_repeat":"","_citadela_header_bg_fixed":false,"_citadela_header_bg_color":"","_citadela_header_bg_image_overlay":"","_citadela_header_transparent_bg":false,"_citadela_content_width":"","_citadela_half_layout_position":"","footnotes":""},"class_list":["post-114","page","type-page","status-publish","hentry"],"_links":{"self":[{"href":"https:\/\/www.lofkullagolf.fi\/cita\/wp-json\/wp\/v2\/pages\/114","targetHints":{"allow":["GET"]}}],"collection":[{"href":"https:\/\/www.lofkullagolf.fi\/cita\/wp-json\/wp\/v2\/pages"}],"about":[{"href":"https:\/\/www.lofkullagolf.fi\/cita\/wp-json\/wp\/v2\/types\/page"}],"author":[{"embeddable":true,"href":"https:\/\/www.lofkullagolf.fi\/cita\/wp-json\/wp\/v2\/users\/1"}],"replies":[{"embeddable":true,"href":"https:\/\/www.lofkullagolf.fi\/cita\/wp-json\/wp\/v2\/comments?post=114"}],"version-history":[{"count":80,"href":"https:\/\/www.lofkullagolf.fi\/cita\/wp-json\/wp\/v2\/pages\/114\/revisions"}],"predecessor-version":[{"id":7930,"href":"https:\/\/www.lofkullagolf.fi\/cita\/wp-json\/wp\/v2\/pages\/114\/revisions\/7930"}],"wp:attachment":[{"href":"https:\/\/www.lofkullagolf.fi\/cita\/wp-json\/wp\/v2\/media?parent=114"}],"curies":[{"name":"wp","href":"https:\/\/api.w.org\/{rel}","templated":true}]}}